{"id":45,"date":"2023-06-01T09:34:13","date_gmt":"2023-06-01T09:34:13","guid":{"rendered":"http:\/\/hoogstad.nl\/?page_id=45"},"modified":"2023-06-07T09:00:44","modified_gmt":"2023-06-07T08:00:44","slug":"home","status":"publish","type":"page","link":"https:\/\/hoogstad.nl\/de\/","title":{"rendered":"Home"},"content":{"rendered":"<figure class=\"wp-block-image size-large is-resized topafb\"><img decoding=\"async\" src=\"http:\/\/hoogstad.nl\/wp-content\/uploads\/2023\/06\/Hoogstad-Special-Electronics-bv-2600x750-2-1024x295.jpg\" alt=\"\" class=\"wp-image-61\" width=\"1030\" srcset=\"https:\/\/hoogstad.nl\/wp-content\/uploads\/2023\/06\/Hoogstad-Special-Electronics-bv-2600x750-2-1024x295.jpg 1024w, https:\/\/hoogstad.nl\/wp-content\/uploads\/2023\/06\/Hoogstad-Special-Electronics-bv-2600x750-2-300x87.jpg 300w, https:\/\/hoogstad.nl\/wp-content\/uploads\/2023\/06\/Hoogstad-Special-Electronics-bv-2600x750-2-768x222.jpg 768w, https:\/\/hoogstad.nl\/wp-content\/uploads\/2023\/06\/Hoogstad-Special-Electronics-bv-2600x750-2-1536x443.jpg 1536w, https:\/\/hoogstad.nl\/wp-content\/uploads\/2023\/06\/Hoogstad-Special-Electronics-bv-2600x750-2-2048x591.jpg 2048w, https:\/\/hoogstad.nl\/wp-content\/uploads\/2023\/06\/Hoogstad-Special-Electronics-bv-2600x750-2-18x5.jpg 18w\" sizes=\"(max-width: 1024px) 100vw, 1024px\" \/><\/figure>\n\n\n\n<div class=\"wp-block-columns is-layout-flex wp-container-core-columns-is-layout-9d6595d7 wp-block-columns-is-layout-flex\">\n<div class=\"wp-block-column is-layout-flow wp-block-column-is-layout-flow\">\n<h2 class=\"wp-block-heading\" style=\"font-size:23px\"><strong>Unternehmen<\/strong><\/h2>\n\n\n\n<p>Hoogstad Special Electronics BV ist al EMS-Anbieter spezialisiert auf die Fertigung und Montage von Leiterplatten, Halbfabrikate und komplette elektronische Produkte.<\/p>\n<\/div>\n\n\n\n<div class=\"wp-block-column is-layout-flow wp-block-column-is-layout-flow\">\n<h2 class=\"wp-block-heading\" style=\"font-size:23px\"><strong>Dienstleistungen<\/strong><\/h2>\n\n\n\n<p>Hoogstad Special Electronics B.V. verf\u00fcgt \u00fcber alle notwendingen Einrichtungen f\u00fcr das Fertigen und Testen elektronischer und elektrotechnischer Produkte und Halbfabrikate.<\/p>\n<\/div>\n\n\n\n<div class=\"wp-block-column is-layout-flow wp-block-column-is-layout-flow\">\n<h2 class=\"wp-block-heading\" style=\"font-size:23px\"><strong>Zusammenarbeit?<\/strong><\/h2>\n\n\n\n<p>F\u00fcr mehr Informationen oder f\u00fcr das Anfordern eines Kostenvoranschlags k\u00f6nnen Sie sich \u00fcber dieses Formular an uns wenden.<\/p>\n<\/div>\n<\/div>\n\n\n\n<div class=\"wp-block-columns is-layout-flex wp-container-core-columns-is-layout-9d6595d7 wp-block-columns-is-layout-flex\">\n<div class=\"wp-block-column is-layout-flow wp-block-column-is-layout-flow\">\n<div class=\"wp-block-buttons is-layout-flex wp-block-buttons-is-layout-flex\">\n<div class=\"wp-block-button has-custom-width wp-block-button__width-100 has-custom-font-size is-style-fill\" style=\"font-size:14px\"><a class=\"wp-block-button__link has-text-color has-background wp-element-button\" href=\"http:\/\/hoogstad.nl\/de\/organisatie\/\" style=\"border-radius:0px;color:#636363;background-color:#e3e3e39e\">Mehr \u00fcber unser Unternehmen<\/a><\/div>\n<\/div>\n<\/div>\n\n\n\n<div class=\"wp-block-column is-layout-flow wp-block-column-is-layout-flow\">\n<div class=\"wp-block-buttons is-layout-flex wp-block-buttons-is-layout-flex\">\n<div class=\"wp-block-button has-custom-width wp-block-button__width-100 has-custom-font-size\" style=\"font-size:14px\"><a class=\"wp-block-button__link has-text-color has-background wp-element-button\" href=\"http:\/\/hoogstad.nl\/de\/diensten\/\" style=\"border-radius:0px;color:#636363;background-color:#e3e3e39e\">Mehr \u00fcber unsere Dienstleistungen<\/a><\/div>\n<\/div>\n<\/div>\n\n\n\n<div class=\"wp-block-column is-layout-flow wp-block-column-is-layout-flow\">\n<div class=\"wp-block-buttons is-layout-flex wp-block-buttons-is-layout-flex\">\n<div class=\"wp-block-button has-custom-width wp-block-button__width-100 has-custom-font-size\" style=\"font-size:14px\"><a class=\"wp-block-button__link has-text-color has-background wp-element-button\" href=\"http:\/\/hoogstad.nl\/de\/contact\/\" style=\"border-radius:0px;color:#636363;background-color:#e3e3e39e\">Mehr Informationen<\/a><\/div>\n<\/div>\n<\/div>\n<\/div>\n\n\n\n<div class=\"wp-block-columns is-layout-flex wp-container-core-columns-is-layout-9d6595d7 wp-block-columns-is-layout-flex\">\n<div class=\"wp-block-column homeblock has-background is-layout-flow wp-block-column-is-layout-flow\" style=\"background-color:#e3e3e39e\">\n<h2 class=\"wp-block-heading\">Wilkommen bei Hoogstad Special Electronics B.V.<\/h2>\n\n\n\n<p>Als EMS Zulieferer sind wir seit mehr als 30 Jahren spezialisiert auf die Fertigung und Montage vond Leiterplatten, Halbfabrikate und komplette Produkte. Wir heben uns vom Markt ab, indem wir als flexibles Unternehmen hochwertige Qualit\u00e4t zum richtigen Preis under einer konkurrenzf\u00e4higen Lieferzeit liefern.<\/p>\n\n\n\n<p>Hoogstad Special Electronics B.V. verf\u00fcgt \u00fcber einen modernen Maschinenpark, geeignet f\u00fcr diverse Produktionsanforderungen. Egal, ob es sich handelt um eine herk\u00f6mmliche Leiterplatte mit manueller Montage oder ein mehrschichtiges Bauteil mit Oberfl\u00e4chenmontage, um 1 oder 10.000 St\u00fcck, wir haben alles daf\u00fcr im Haus.<\/p>\n<\/div>\n<\/div>","protected":false},"excerpt":{"rendered":"<p>Organisatie Hoogstad Special Electronics BV is als EMS bedrijf gespecialiseerd in het produceren en assembleren van printplaten, halffabricaten en complete elektronische producten. Diensten Hoogstad Special Electronics B.V. heeft alle faciliteiten in huis voor het produceren en testen van elektronische en elektrotechnische producten en halffabricaten. Samenwerken? Voor meer informatie of het aanvragen van een offerte kunt u via dit formulier contact met ons opnemen Welkom bij Hoogstad Special Electronics B.V. Als&hellip; <\/p>","protected":false},"author":1,"featured_media":0,"parent":0,"menu_order":0,"comment_status":"closed","ping_status":"closed","template":"","meta":{"footnotes":""},"class_list":["post-45","page","type-page","status-publish","hentry"],"_links":{"self":[{"href":"https:\/\/hoogstad.nl\/de\/wp-json\/wp\/v2\/pages\/45","targetHints":{"allow":["GET"]}}],"collection":[{"href":"https:\/\/hoogstad.nl\/de\/wp-json\/wp\/v2\/pages"}],"about":[{"href":"https:\/\/hoogstad.nl\/de\/wp-json\/wp\/v2\/types\/page"}],"author":[{"embeddable":true,"href":"https:\/\/hoogstad.nl\/de\/wp-json\/wp\/v2\/users\/1"}],"replies":[{"embeddable":true,"href":"https:\/\/hoogstad.nl\/de\/wp-json\/wp\/v2\/comments?post=45"}],"version-history":[{"count":33,"href":"https:\/\/hoogstad.nl\/de\/wp-json\/wp\/v2\/pages\/45\/revisions"}],"predecessor-version":[{"id":585,"href":"https:\/\/hoogstad.nl\/de\/wp-json\/wp\/v2\/pages\/45\/revisions\/585"}],"wp:attachment":[{"href":"https:\/\/hoogstad.nl\/de\/wp-json\/wp\/v2\/media?parent=45"}],"curies":[{"name":"wp","href":"https:\/\/api.w.org\/{rel}","templated":true}]}}