{"id":45,"date":"2023-06-01T09:34:13","date_gmt":"2023-06-01T09:34:13","guid":{"rendered":"http:\/\/hoogstad.nl\/?page_id=45"},"modified":"2023-06-07T09:00:44","modified_gmt":"2023-06-07T08:00:44","slug":"home","status":"publish","type":"page","link":"https:\/\/hoogstad.nl\/hu\/","title":{"rendered":"F\u0151oldal"},"content":{"rendered":"<figure class=\"wp-block-image size-large is-resized topafb\"><img decoding=\"async\" src=\"http:\/\/hoogstad.nl\/wp-content\/uploads\/2023\/06\/Hoogstad-Special-Electronics-bv-2600x750-2-1024x295.jpg\" alt=\"\" class=\"wp-image-61\" width=\"1030\" srcset=\"https:\/\/hoogstad.nl\/wp-content\/uploads\/2023\/06\/Hoogstad-Special-Electronics-bv-2600x750-2-1024x295.jpg 1024w, https:\/\/hoogstad.nl\/wp-content\/uploads\/2023\/06\/Hoogstad-Special-Electronics-bv-2600x750-2-300x87.jpg 300w, https:\/\/hoogstad.nl\/wp-content\/uploads\/2023\/06\/Hoogstad-Special-Electronics-bv-2600x750-2-768x222.jpg 768w, https:\/\/hoogstad.nl\/wp-content\/uploads\/2023\/06\/Hoogstad-Special-Electronics-bv-2600x750-2-1536x443.jpg 1536w, https:\/\/hoogstad.nl\/wp-content\/uploads\/2023\/06\/Hoogstad-Special-Electronics-bv-2600x750-2-2048x591.jpg 2048w, https:\/\/hoogstad.nl\/wp-content\/uploads\/2023\/06\/Hoogstad-Special-Electronics-bv-2600x750-2-18x5.jpg 18w\" sizes=\"(max-width: 1024px) 100vw, 1024px\" \/><\/figure>\n\n\n\n<div class=\"wp-block-columns is-layout-flex wp-container-core-columns-is-layout-9d6595d7 wp-block-columns-is-layout-flex\">\n<div class=\"wp-block-column is-layout-flow wp-block-column-is-layout-flow\">\n<h2 class=\"wp-block-heading\" style=\"font-size:23px\"><strong>A v\u00e1llalat<\/strong><\/h2>\n\n\n\n<p>A Hoogstad Special Electronics B.V. elektronikai gy\u00e1rt\u00f3ipari szolg\u00e1ltat\u00f3k\u00e9nt a nyomtatott \u00e1ramk\u00f6r\u00f6k, alkatr\u00e9szek illetve komplett elektronikai term\u00e9kek gy\u00e1rt'sa'ra \u00e9s \u00f6ssze\u00e1ll\u00edt\u00e1s\u00e1ra szakosodott.<\/p>\n<\/div>\n\n\n\n<div class=\"wp-block-column is-layout-flow wp-block-column-is-layout-flow\">\n<h2 class=\"wp-block-heading\" style=\"font-size:23px\"><strong>Szolg\u00e1ltat\u00e1sok<\/strong><\/h2>\n\n\n\n<p>A Hoogstad Special Electronics B.V. minden olyan berendez\u00e9ssel rendelkezik, ami lehet\u0151v\u00e9 teszi az elektronikai \u00e9s elektrotechnikai k\u00e9szterm\u00e9kek \u00e9s alkatr\u00e9szek gy\u00e1rt\u00e1s\u00e1t<\/p>\n<\/div>\n\n\n\n<div class=\"wp-block-column is-layout-flow wp-block-column-is-layout-flow\">\n<h2 class=\"wp-block-heading\" style=\"font-size:23px\"><strong>Szeretne egy\u00fcttm\u0171k\u00f6dni?<\/strong><\/h2>\n\n\n\n<p>Tov\u00e1bbi inform\u00e1ci\u00f3\u00e9rt valamint \u00e1raj\u00e1nlat\u00e9rt k\u00e9rj\u00fck t\u00f6ltse ki az al\u00e1bbi kapcsolatfelv\u00e9teli \u0171rlapot.<\/p>\n<\/div>\n<\/div>\n\n\n\n<div class=\"wp-block-columns is-layout-flex wp-container-core-columns-is-layout-9d6595d7 wp-block-columns-is-layout-flex\">\n<div class=\"wp-block-column is-layout-flow wp-block-column-is-layout-flow\">\n<div class=\"wp-block-buttons is-layout-flex wp-block-buttons-is-layout-flex\">\n<div class=\"wp-block-button has-custom-width wp-block-button__width-100 has-custom-font-size is-style-fill\" style=\"font-size:14px\"><a class=\"wp-block-button__link has-text-color has-background wp-element-button\" href=\"http:\/\/hoogstad.nl\/hu\/organisatie\/\" style=\"border-radius:0px;color:#636363;background-color:#e3e3e39e\">C\u00e9gismertet\u0151<\/a><\/div>\n<\/div>\n<\/div>\n\n\n\n<div class=\"wp-block-column is-layout-flow wp-block-column-is-layout-flow\">\n<div class=\"wp-block-buttons is-layout-flex wp-block-buttons-is-layout-flex\">\n<div class=\"wp-block-button has-custom-width wp-block-button__width-100 has-custom-font-size\" style=\"font-size:14px\"><a class=\"wp-block-button__link has-text-color has-background wp-element-button\" href=\"http:\/\/hoogstad.nl\/hu\/diensten\/\" style=\"border-radius:0px;color:#636363;background-color:#e3e3e39e\">Tov\u00e1bbi inform\u00e1ci\u00f3 szolg\u00e1ltat\u00e1sainkr\u00f3l<\/a><\/div>\n<\/div>\n<\/div>\n\n\n\n<div class=\"wp-block-column is-layout-flow wp-block-column-is-layout-flow\">\n<div class=\"wp-block-buttons is-layout-flex wp-block-buttons-is-layout-flex\">\n<div class=\"wp-block-button has-custom-width wp-block-button__width-100 has-custom-font-size\" style=\"font-size:14px\"><a class=\"wp-block-button__link has-text-color has-background wp-element-button\" href=\"http:\/\/hoogstad.nl\/hu\/contact\/\" style=\"border-radius:0px;color:#636363;background-color:#e3e3e39e\">Tov\u00e1bbi inform\u00e1ci\u00f3<\/a><\/div>\n<\/div>\n<\/div>\n<\/div>\n\n\n\n<div class=\"wp-block-columns is-layout-flex wp-container-core-columns-is-layout-9d6595d7 wp-block-columns-is-layout-flex\">\n<div class=\"wp-block-column homeblock has-background is-layout-flow wp-block-column-is-layout-flow\" style=\"background-color:#e3e3e39e\">\n<h2 class=\"wp-block-heading\">\u00dcdv\u00f6z\u00f6lj\u00fck a Hoogstad Special Electronics BV weboldal\u00e1n<\/h2>\n\n\n\n<p>Elektronikai gy\u00e1rt\u00f3ipari szolg\u00e1ltat\u00f3 alv\u00e1llalatk\u00e9nt k\u00f6zel 30 \u00e9ves tapasztalatunk van a nyomtatott \u00e1ramk\u00f6r\u00f6k, alkatr\u00e9szek illetve komplett eletronikai term\u00e9kek gy\u00e1rt\u00e1sa \u00e9s \u00f6ssze\u00e1ll\u00edt\u00e1sa ter\u00fclet\u00e9n. Az elektronikai piacon kiemelked\u00fcnk rugalmass\u00e1gunkkal, term\u00e9keinkre jellemz\u0151 magas min\u0151s\u00e9ggel, jut\u00e1nyos \u00e1rakkal \u00e9s kedvez\u0151 sz\u00e1ll\u00edt\u00e1si id\u0151vel.<\/p>\n\n\n\n<p>A Hoogstad Special Electronics rendelkez\u00e9s\u00e9re \u00e1ll egy modern g\u00e9ppark ami k\u00fcl\u00f6nb\u00f6z\u0151 gy\u00e1rt\u00e1si megold\u00e1sokra alkalmas. Legyen sz\u00f3 hagyom\u00e1nyosan nyomtatott \u00e1ramk\u00f6r k\u00e9zi be\u00fcltet\u00e9s\u00e9r\u0151l vagy ak\u00e1r t\u00f6bbr\u00e9teg\u0171 nyomtatott \u00e1ramk\u00f6r SMD-vel t\u00f6rt\u00e9n\u0151 be\u00fcltet\u00e9s\u00e9r\u0151l , 1 vagy ak\u00e1r 10.000 p\u00e9ld\u00e1nysz\u00e1mr\u00f3l, n\u00e1lunk minden k\u00e9szen \u00e1ll a megval\u00f3s\u00edt\u00e1shoz.<\/p>\n<\/div>\n<\/div>","protected":false},"excerpt":{"rendered":"<p>Organisatie Hoogstad Special Electronics BV is als EMS bedrijf gespecialiseerd in het produceren en assembleren van printplaten, halffabricaten en complete elektronische producten. Diensten Hoogstad Special Electronics B.V. heeft alle faciliteiten in huis voor het produceren en testen van elektronische en elektrotechnische producten en halffabricaten. Samenwerken? Voor meer informatie of het aanvragen van een offerte kunt u via dit formulier contact met ons opnemen Welkom bij Hoogstad Special Electronics B.V. Als&hellip; <\/p>","protected":false},"author":1,"featured_media":0,"parent":0,"menu_order":0,"comment_status":"closed","ping_status":"closed","template":"","meta":{"footnotes":""},"class_list":["post-45","page","type-page","status-publish","hentry"],"_links":{"self":[{"href":"https:\/\/hoogstad.nl\/hu\/wp-json\/wp\/v2\/pages\/45","targetHints":{"allow":["GET"]}}],"collection":[{"href":"https:\/\/hoogstad.nl\/hu\/wp-json\/wp\/v2\/pages"}],"about":[{"href":"https:\/\/hoogstad.nl\/hu\/wp-json\/wp\/v2\/types\/page"}],"author":[{"embeddable":true,"href":"https:\/\/hoogstad.nl\/hu\/wp-json\/wp\/v2\/users\/1"}],"replies":[{"embeddable":true,"href":"https:\/\/hoogstad.nl\/hu\/wp-json\/wp\/v2\/comments?post=45"}],"version-history":[{"count":33,"href":"https:\/\/hoogstad.nl\/hu\/wp-json\/wp\/v2\/pages\/45\/revisions"}],"predecessor-version":[{"id":585,"href":"https:\/\/hoogstad.nl\/hu\/wp-json\/wp\/v2\/pages\/45\/revisions\/585"}],"wp:attachment":[{"href":"https:\/\/hoogstad.nl\/hu\/wp-json\/wp\/v2\/media?parent=45"}],"curies":[{"name":"wp","href":"https:\/\/api.w.org\/{rel}","templated":true}]}}