{"id":9,"date":"2023-06-01T08:28:02","date_gmt":"2023-06-01T08:28:02","guid":{"rendered":"http:\/\/hoogstad.nl\/?page_id=9"},"modified":"2023-06-05T11:51:18","modified_gmt":"2023-06-05T11:51:18","slug":"organisatie","status":"publish","type":"page","link":"https:\/\/hoogstad.nl\/hu\/organisatie\/","title":{"rendered":"A v\u00e1llalat"},"content":{"rendered":"<figure class=\"wp-block-image alignwide size-full\"><img loading=\"lazy\" decoding=\"async\" width=\"2560\" height=\"738\" src=\"http:\/\/hoogstad.nl\/wp-content\/uploads\/2023\/06\/Organisatie-2600x750-1-scaled.jpg\" alt=\"\" class=\"wp-image-11\" srcset=\"https:\/\/hoogstad.nl\/wp-content\/uploads\/2023\/06\/Organisatie-2600x750-1-scaled.jpg 2560w, https:\/\/hoogstad.nl\/wp-content\/uploads\/2023\/06\/Organisatie-2600x750-1-300x87.jpg 300w, https:\/\/hoogstad.nl\/wp-content\/uploads\/2023\/06\/Organisatie-2600x750-1-1024x295.jpg 1024w, https:\/\/hoogstad.nl\/wp-content\/uploads\/2023\/06\/Organisatie-2600x750-1-768x222.jpg 768w, https:\/\/hoogstad.nl\/wp-content\/uploads\/2023\/06\/Organisatie-2600x750-1-1536x443.jpg 1536w, https:\/\/hoogstad.nl\/wp-content\/uploads\/2023\/06\/Organisatie-2600x750-1-2048x591.jpg 2048w, https:\/\/hoogstad.nl\/wp-content\/uploads\/2023\/06\/Organisatie-2600x750-1-18x5.jpg 18w\" sizes=\"auto, (max-width: 2560px) 100vw, 2560px\" \/><\/figure>\n\n\n\n<div class=\"wp-block-columns is-layout-flex wp-container-core-columns-is-layout-9d6595d7 wp-block-columns-is-layout-flex\">\n<div class=\"wp-block-column organisatieblok is-layout-flow wp-block-column-is-layout-flow\" style=\"flex-basis:33.33%\">\n<p style=\"font-size:19px\">Min\u0151s\u00e9g 1986 \u00f3ta.<\/p>\n\n\n\n<p style=\"font-size:19px\"><em><mark style=\"background-color:rgba(0, 0, 0, 0)\" class=\"has-inline-color has-vivid-red-color\">A teljes folyamat a fejleszt\u00e9st\u0151l a v\u00e9gterm\u00e9kig h\u00e1zon bel\u00fcl t\u00f6rt\u00e9nik.<\/mark><\/em><\/p>\n<\/div>\n\n\n\n<div class=\"wp-block-column organisatieblok is-layout-flow wp-block-column-is-layout-flow\" style=\"flex-basis:66.66%\">\n<p style=\"font-size:15px\"><strong>A Hoogstad Special Electronics BV elektronikai gy\u00e1rt\u00f3ipari szolg\u00e1ltat\u00f3k\u00e9nt a nyomtatott \u00e1ramk\u00f6r\u00f6k, alkatr\u00e9szek illetve komplett eletronikai term\u00e9kek gy\u00e1rt\u00e1s\u00e1ra \u00e9s \u00f6ssze\u00e1ll\u00edt\u00e1s\u00e1ra szakosodott.<\/strong><\/p>\n\n\n\n<p style=\"font-size:15px\"><strong>T\u00f6bbek k\u00f6z\u00f6tt a k\u00f6vetkez\u0151 ter\u00fcleteken vagyunk jelen:<\/strong><\/p>\n\n\n\n<ul class=\"wp-block-list\">\n<li class=\"has-small-font-size\">H\u0151m\u00e9rs\u00e9klet-szab\u00e1lyoz\u00e1s<\/li>\n\n\n\n<li class=\"has-small-font-size\">LED vil\u00e1g\u00edt\u00e1s<\/li>\n\n\n\n<li class=\"has-small-font-size\">Hordozhat\u00f3 videotechnol\u00f3gia<\/li>\n\n\n\n<li class=\"has-small-font-size\">V\u00e9szvil\u00e1g\u00edt\u00e1s<\/li>\n\n\n\n<li class=\"has-small-font-size\">Napelem \u00f6ssze\u00e1ll\u00edt\u00e1sa<\/li>\n\n\n\n<li class=\"has-small-font-size\">G\u00e9pj\u00e1rm\u0171ipar<\/li>\n<\/ul>\n<\/div>\n<\/div>","protected":false},"excerpt":{"rendered":"<p>Kwaliteit sinds 1986. Het complete traject, van ontwikkeling tot eindproduct, wordt in eigen beheer uitgevoerd. Hoogstad Special Electronics BV is als EMS bedrijf gespecialiseerd in het produceren en het assembleren van printplaten, halffabricaten en complete elektronische producten. Markten waar wij bijvoorbeeld actief zijn:<\/p>","protected":false},"author":1,"featured_media":0,"parent":0,"menu_order":0,"comment_status":"closed","ping_status":"closed","template":"","meta":{"footnotes":""},"class_list":["post-9","page","type-page","status-publish","hentry"],"_links":{"self":[{"href":"https:\/\/hoogstad.nl\/hu\/wp-json\/wp\/v2\/pages\/9","targetHints":{"allow":["GET"]}}],"collection":[{"href":"https:\/\/hoogstad.nl\/hu\/wp-json\/wp\/v2\/pages"}],"about":[{"href":"https:\/\/hoogstad.nl\/hu\/wp-json\/wp\/v2\/types\/page"}],"author":[{"embeddable":true,"href":"https:\/\/hoogstad.nl\/hu\/wp-json\/wp\/v2\/users\/1"}],"replies":[{"embeddable":true,"href":"https:\/\/hoogstad.nl\/hu\/wp-json\/wp\/v2\/comments?post=9"}],"version-history":[{"count":6,"href":"https:\/\/hoogstad.nl\/hu\/wp-json\/wp\/v2\/pages\/9\/revisions"}],"predecessor-version":[{"id":287,"href":"https:\/\/hoogstad.nl\/hu\/wp-json\/wp\/v2\/pages\/9\/revisions\/287"}],"wp:attachment":[{"href":"https:\/\/hoogstad.nl\/hu\/wp-json\/wp\/v2\/media?parent=9"}],"curies":[{"name":"wp","href":"https:\/\/api.w.org\/{rel}","templated":true}]}}