{"id":109,"date":"2023-06-01T10:26:13","date_gmt":"2023-06-01T10:26:13","guid":{"rendered":"http:\/\/hoogstad.nl\/?page_id=109"},"modified":"2023-06-05T18:00:32","modified_gmt":"2023-06-05T17:00:32","slug":"downloads","status":"publish","type":"page","link":"https:\/\/hoogstad.nl\/pl\/downloads\/","title":{"rendered":"Pliki do pobrania"},"content":{"rendered":"<div class=\"wp-block-columns is-layout-flex wp-container-core-columns-is-layout-9d6595d7 wp-block-columns-is-layout-flex\">\n<div class=\"wp-block-column downloadsbox is-layout-flow wp-block-column-is-layout-flow\">\n<div class=\"wp-block-columns is-layout-flex wp-container-core-columns-is-layout-9d6595d7 wp-block-columns-is-layout-flex\">\n<div class=\"wp-block-column is-layout-flow wp-block-column-is-layout-flow\">\n<p class=\"has-black-color has-text-color\" style=\"font-size:19px\">Dbanie o jako\u015b\u0107 od 1986<\/p>\n\n\n\n<p style=\"font-size:19px\"><em><mark style=\"background-color:rgba(0, 0, 0, 0)\" class=\"has-inline-color has-vivid-red-color\">Ca\u0142y proces, od opracowania do stworzenia produktu finalnego, jest przeprowadzany wewn\u0105trz naszej firmy.<\/mark><\/em><\/p>\n\n\n\n<p class=\"has-medium-font-size\"><mark style=\"background-color:rgba(0, 0, 0, 0)\" class=\"has-inline-color has-vivid-red-color\">Tutaj znajd\u0105 Pa\u0144stwo wszystkie wa\u017cne informacje i pliki do pobrania. Prosz\u0119 klikn\u0105\u0107 w link, a zostan\u0105 Pa\u0144stwo przeniesieni na odpowiedni\u0105 stron\u0119.<\/mark><\/p>\n<\/div>\n\n\n\n<div class=\"wp-block-column is-layout-flow wp-block-column-is-layout-flow\">\n<p class=\"downloadbox\"><a rel=\"noreferrer noopener\" href=\"http:\/\/hoogstad.nl\/wp-content\/uploads\/2023\/06\/Policy-Statement-Conflict-Minerals.pdf\" target=\"_blank\"><mark style=\"background-color:rgba(0, 0, 0, 0)\" class=\"has-inline-color has-vivid-red-color\">Policy Statement Conflict Minerals<\/mark><\/a><\/p>\n\n\n\n<p class=\"downloadbox\"><a rel=\"noreferrer noopener\" href=\"http:\/\/hoogstad.nl\/wp-content\/uploads\/2023\/06\/Privacyverklaring.pdf\" target=\"_blank\"><mark style=\"background-color:rgba(0, 0, 0, 0)\" class=\"has-inline-color has-vivid-red-color\">Privacyverklaring<\/mark><\/a><\/p>\n\n\n\n<p class=\"downloadbox\"><a rel=\"noreferrer noopener\" href=\"http:\/\/hoogstad.nl\/wp-content\/uploads\/2023\/06\/Privacyverklaring-Engels.pdf\" target=\"_blank\"><mark style=\"background-color:rgba(0, 0, 0, 0)\" class=\"has-inline-color has-vivid-red-color\">Privacy statement<\/mark><\/a><\/p>\n\n\n\n<p class=\"downloadbox\"><a rel=\"noreferrer noopener\" href=\"http:\/\/hoogstad.nl\/wp-content\/uploads\/2023\/06\/Metaalunievoorwaarden-2014-Nederlands-A4-.pdf\" target=\"_blank\"><mark style=\"background-color:rgba(0, 0, 0, 0)\" class=\"has-inline-color has-vivid-red-color\">Algemene Voorwaarden (NL)<\/mark><\/a><\/p>\n\n\n\n<p class=\"downloadbox\"><a rel=\"noreferrer noopener\" href=\"http:\/\/hoogstad.nl\/wp-content\/uploads\/2023\/06\/Metaalunievoorwaarden-2014-Engels-A4.pdf\" target=\"_blank\"><mark style=\"background-color:rgba(0, 0, 0, 0)\" class=\"has-inline-color has-vivid-red-color\">Terms and Conditions (ENG)<\/mark><\/a><\/p>\n<\/div>\n<\/div>\n<\/div>\n<\/div>","protected":false},"excerpt":{"rendered":"<p>Kwaliteit sinds 1986. Het complete traject, van ontwikkeling tot eindproduct, wordt in eigen beheer uitgevoerd. Hier vindt u alle belangrijke downloads. Klik op de link om deze te openen. Policy Statement Conflict Minerals Privacyverklaring Privacy statement Algemene Voorwaarden (NL) Terms and Conditions (ENG)<\/p>","protected":false},"author":1,"featured_media":0,"parent":0,"menu_order":0,"comment_status":"closed","ping_status":"closed","template":"","meta":{"footnotes":""},"class_list":["post-109","page","type-page","status-publish","hentry"],"_links":{"self":[{"href":"https:\/\/hoogstad.nl\/pl\/wp-json\/wp\/v2\/pages\/109","targetHints":{"allow":["GET"]}}],"collection":[{"href":"https:\/\/hoogstad.nl\/pl\/wp-json\/wp\/v2\/pages"}],"about":[{"href":"https:\/\/hoogstad.nl\/pl\/wp-json\/wp\/v2\/types\/page"}],"author":[{"embeddable":true,"href":"https:\/\/hoogstad.nl\/pl\/wp-json\/wp\/v2\/users\/1"}],"replies":[{"embeddable":true,"href":"https:\/\/hoogstad.nl\/pl\/wp-json\/wp\/v2\/comments?post=109"}],"version-history":[{"count":25,"href":"https:\/\/hoogstad.nl\/pl\/wp-json\/wp\/v2\/pages\/109\/revisions"}],"predecessor-version":[{"id":536,"href":"https:\/\/hoogstad.nl\/pl\/wp-json\/wp\/v2\/pages\/109\/revisions\/536"}],"wp:attachment":[{"href":"https:\/\/hoogstad.nl\/pl\/wp-json\/wp\/v2\/media?parent=109"}],"curies":[{"name":"wp","href":"https:\/\/api.w.org\/{rel}","templated":true}]}}