{"id":195,"date":"2023-06-01T12:56:02","date_gmt":"2023-06-01T12:56:02","guid":{"rendered":"http:\/\/hoogstad.nl\/?page_id=195"},"modified":"2023-06-06T09:39:24","modified_gmt":"2023-06-06T08:39:24","slug":"contact","status":"publish","type":"page","link":"https:\/\/hoogstad.nl\/pl\/contact\/","title":{"rendered":"Kontakt"},"content":{"rendered":"<iframe src=\"https:\/\/www.google.com\/maps\/embed?pb=!1m18!1m12!1m3!1d2475.4081219713353!2d4.841749076956623!3d51.652363700102526!2m3!1f0!2f0!3f0!3m2!1i1024!2i768!4f13.1!3m3!1m2!1s0x47c69eb380f7b80f%3A0xce4cd7371ba1c8c5!2sHoogstad%20Special%20Electronics%20B.V.!5e0!3m2!1snl!2snl!4v1685623565142!5m2!1snl!2snl\" width=\"1600\" height=\"450\" style=\"border:0;\" allowfullscreen=\"\" loading=\"lazy\" referrerpolicy=\"no-referrer-when-downgrade\"><\/iframe>\n\n\n\n<div class=\"wp-block-columns is-layout-flex wp-container-core-columns-is-layout-9d6595d7 wp-block-columns-is-layout-flex\">\n<div class=\"wp-block-column is-layout-flow wp-block-column-is-layout-flow\" style=\"flex-basis:66.66%\">\n<h2 class=\"wp-block-heading has-vivid-red-color has-text-color\">Formularz kontaktowy<\/h2>\n\n\n\n<p>Masz pytania, a mo\u017ce chcesz um\u00f3wi\u0107 si\u0119 na spotkanie? Zapraszamy do kontaktu za po\u015brednictwem poni\u017cszego formularza kontaktowego.<\/p>\n\n\n\n<div class=\"wp-block-contact-form-7-contact-form-selector form\">\n<div class=\"wpcf7 no-js\" id=\"wpcf7-f552-o1\" lang=\"en-US\" dir=\"ltr\" data-wpcf7-id=\"552\">\n<div class=\"screen-reader-response\"><p role=\"status\" aria-live=\"polite\" aria-atomic=\"true\"><\/p> <ul><\/ul><\/div>\n<form action=\"\/pl\/wp-json\/wp\/v2\/pages\/195#wpcf7-f552-o1\" method=\"post\" class=\"wpcf7-form init\" aria-label=\"Contact form\" novalidate=\"novalidate\" data-status=\"init\" data-trp-original-action=\"\/pl\/wp-json\/wp\/v2\/pages\/195#wpcf7-f552-o1\">\n<fieldset class=\"hidden-fields-container\"><input type=\"hidden\" name=\"_wpcf7\" value=\"552\" \/><input type=\"hidden\" name=\"_wpcf7_version\" value=\"6.1.5\" \/><input type=\"hidden\" name=\"_wpcf7_locale\" value=\"en_US\" \/><input type=\"hidden\" name=\"_wpcf7_unit_tag\" value=\"wpcf7-f552-o1\" \/><input type=\"hidden\" name=\"_wpcf7_container_post\" value=\"0\" \/><input type=\"hidden\" name=\"_wpcf7_posted_data_hash\" value=\"\" \/><input type=\"hidden\" name=\"_wpcf7_recaptcha_response\" value=\"\" \/>\n<\/fieldset>\n<div class=\"form-row\">\n\t<div class=\"column-third\">\n\t\t<p>Imi\u0119 i nazwisko * <span class=\"wpcf7-form-control-wrap\" data-name=\"naam\"><input size=\"40\" maxlength=\"400\" class=\"wpcf7-form-control wpcf7-text wpcf7-validates-as-required\" aria-required=\"true\" aria-invalid=\"false\" value=\"\" type=\"text\" name=\"naam\" \/><\/span>\n\t\t<\/p>\n\t<\/div>\n\t<div class=\"column-third\">\n\t\t<p>Adres e-mail * <span class=\"wpcf7-form-control-wrap\" data-name=\"your-email\"><input size=\"40\" maxlength=\"400\" class=\"wpcf7-form-control wpcf7-email wpcf7-validates-as-required wpcf7-text wpcf7-validates-as-email\" aria-required=\"true\" aria-invalid=\"false\" value=\"\" type=\"email\" name=\"your-email\" \/><\/span>\n\t\t<\/p>\n\t<\/div>\n\t<div class=\"column-third\">\n\t\t<p>Numer telefonu * <span class=\"wpcf7-form-control-wrap\" data-name=\"telefoon\"><input size=\"40\" maxlength=\"400\" class=\"wpcf7-form-control wpcf7-text wpcf7-validates-as-required\" aria-required=\"true\" aria-invalid=\"false\" value=\"\" type=\"text\" name=\"telefoon\" \/><\/span>\n\t\t<\/p>\n\t<\/div>\n<\/div>\n<div class=\"form-row\">\n\t<div class=\"column-full\">\n\t\t<p>Temat: * <span class=\"wpcf7-form-control-wrap\" data-name=\"your-subject\"><input size=\"40\" maxlength=\"400\" class=\"wpcf7-form-control wpcf7-text wpcf7-validates-as-required\" aria-required=\"true\" aria-invalid=\"false\" value=\"\" type=\"text\" name=\"your-subject\" \/><\/span>\n\t\t<\/p>\n\t<\/div>\n<\/div>\n<div class=\"form-row\">\n\t<div class=\"column-full\">\n\t\t<p>Tre\u015b\u0107 wiadomo\u015bci * <span class=\"wpcf7-form-control-wrap\" data-name=\"your-message\"><textarea cols=\"40\" rows=\"10\" maxlength=\"2000\" class=\"wpcf7-form-control wpcf7-textarea\" aria-invalid=\"false\" name=\"your-message\"><\/textarea><\/span>\n\t\t<\/p>\n\t<\/div>\n<\/div>\n<p class=\"translation-block\"><input type=\"checkbox\"> Ik ga akkoord met de <a href=\"http:\/\/hoogstad.nl\/wp-content\/uploads\/2023\/06\/Privacyverklaring.pdf\" target=\"_self\">Privacyverklaring<\/a> en <a href=\"http:\/\/hoogstad.nl\/wp-content\/uploads\/2023\/06\/Metaalunievoorwaarden-2014-Nederlands-A4-1-1.pdf\" target=\"_self\">Algemene Voorwaarden<\/a><\/p>\n<p><input class=\"wpcf7-form-control wpcf7-submit has-spinner\" type=\"submit\" value=\"Versturen\" \/>\n<\/p><div class=\"wpcf7-response-output\" aria-hidden=\"true\"><\/div>\n<input type=\"hidden\" name=\"trp-form-language\" value=\"pl\"\/><\/form>\n<\/div>\n<\/div>\n<\/div>\n\n\n\n<div class=\"wp-block-column is-layout-flow wp-block-column-is-layout-flow\" style=\"flex-basis:33.33%\">\n<h2 class=\"wp-block-heading has-vivid-red-color has-text-color\">Dane kontaktowe<\/h2>\n\n\n\n<p>De Kreek 2<\/p>\n\n\n\n<p>4906 BB OOSTERHOUT<\/p>\n\n\n\n<p>info@hoogstad.nl<\/p>\n\n\n\n<p>+31 162 421068<\/p>\n<\/div>\n<\/div>","protected":false},"excerpt":{"rendered":"<p>Contactformulier Heeft u vragen of wilt u een afspraak maken? Neem dan vrijblijvend contact op via onderstaand contactformulier. Contactgegevens De Kreek 2 4906 BB OOSTERHOUT info@hoogstad.nl +31 162 421068<\/p>","protected":false},"author":1,"featured_media":0,"parent":0,"menu_order":0,"comment_status":"open","ping_status":"closed","template":"","meta":{"footnotes":""},"class_list":["post-195","page","type-page","status-publish","hentry"],"_links":{"self":[{"href":"https:\/\/hoogstad.nl\/pl\/wp-json\/wp\/v2\/pages\/195","targetHints":{"allow":["GET"]}}],"collection":[{"href":"https:\/\/hoogstad.nl\/pl\/wp-json\/wp\/v2\/pages"}],"about":[{"href":"https:\/\/hoogstad.nl\/pl\/wp-json\/wp\/v2\/types\/page"}],"author":[{"embeddable":true,"href":"https:\/\/hoogstad.nl\/pl\/wp-json\/wp\/v2\/users\/1"}],"replies":[{"embeddable":true,"href":"https:\/\/hoogstad.nl\/pl\/wp-json\/wp\/v2\/comments?post=195"}],"version-history":[{"count":12,"href":"https:\/\/hoogstad.nl\/pl\/wp-json\/wp\/v2\/pages\/195\/revisions"}],"predecessor-version":[{"id":553,"href":"https:\/\/hoogstad.nl\/pl\/wp-json\/wp\/v2\/pages\/195\/revisions\/553"}],"wp:attachment":[{"href":"https:\/\/hoogstad.nl\/pl\/wp-json\/wp\/v2\/media?parent=195"}],"curies":[{"name":"wp","href":"https:\/\/api.w.org\/{rel}","templated":true}]}}