{"id":45,"date":"2023-06-01T09:34:13","date_gmt":"2023-06-01T09:34:13","guid":{"rendered":"http:\/\/hoogstad.nl\/?page_id=45"},"modified":"2023-06-07T09:00:44","modified_gmt":"2023-06-07T08:00:44","slug":"home","status":"publish","type":"page","link":"https:\/\/hoogstad.nl\/pl\/","title":{"rendered":"Strona g\u0142\u00f3wna"},"content":{"rendered":"<figure class=\"wp-block-image size-large is-resized topafb\"><img decoding=\"async\" src=\"http:\/\/hoogstad.nl\/wp-content\/uploads\/2023\/06\/Hoogstad-Special-Electronics-bv-2600x750-2-1024x295.jpg\" alt=\"\" class=\"wp-image-61\" width=\"1030\" srcset=\"https:\/\/hoogstad.nl\/wp-content\/uploads\/2023\/06\/Hoogstad-Special-Electronics-bv-2600x750-2-1024x295.jpg 1024w, https:\/\/hoogstad.nl\/wp-content\/uploads\/2023\/06\/Hoogstad-Special-Electronics-bv-2600x750-2-300x87.jpg 300w, https:\/\/hoogstad.nl\/wp-content\/uploads\/2023\/06\/Hoogstad-Special-Electronics-bv-2600x750-2-768x222.jpg 768w, https:\/\/hoogstad.nl\/wp-content\/uploads\/2023\/06\/Hoogstad-Special-Electronics-bv-2600x750-2-1536x443.jpg 1536w, https:\/\/hoogstad.nl\/wp-content\/uploads\/2023\/06\/Hoogstad-Special-Electronics-bv-2600x750-2-2048x591.jpg 2048w, https:\/\/hoogstad.nl\/wp-content\/uploads\/2023\/06\/Hoogstad-Special-Electronics-bv-2600x750-2-18x5.jpg 18w\" sizes=\"(max-width: 1024px) 100vw, 1024px\" \/><\/figure>\n\n\n\n<div class=\"wp-block-columns is-layout-flex wp-container-core-columns-is-layout-9d6595d7 wp-block-columns-is-layout-flex\">\n<div class=\"wp-block-column is-layout-flow wp-block-column-is-layout-flow\">\n<h2 class=\"wp-block-heading\" style=\"font-size:23px\"><strong>Organizacja<\/strong><\/h2>\n\n\n\n<p>Hoogstad Special Electronics B.V., jako firma z bran\u017cy EMS, specjalizuje si\u0119 w produkcji i monta\u017cu obwod\u00f3w drukowanych, p\u00f3\u0142produkt\u00f3w oraz kompletnych produkt\u00f3w elektronicznych.<\/p>\n<\/div>\n\n\n\n<div class=\"wp-block-column is-layout-flow wp-block-column-is-layout-flow\">\n<h2 class=\"wp-block-heading\" style=\"font-size:23px\"><strong>Us\u0142ugi<\/strong><\/h2>\n\n\n\n<p>Hoogstad Special Electronics B.V. posiada wszystkie potrzebne urz\u0105dzenia do produkcji i testowania produkt\u00f3w elektronicznych, elektrycznych oraz p\u00f3\u0142produkt\u00f3w.<\/p>\n<\/div>\n\n\n\n<div class=\"wp-block-column is-layout-flow wp-block-column-is-layout-flow\">\n<h2 class=\"wp-block-heading\" style=\"font-size:23px\"><strong>Wsp\u00f3\u0142praca?<\/strong><\/h2>\n\n\n\n<p>Aby uzyska\u0107 wi\u0119cej informacji lub poprosi\u0107 o wycen\u0119, skontaktuj si\u0119 z nami za po\u015brednictwem tego formularza.<\/p>\n<\/div>\n<\/div>\n\n\n\n<div class=\"wp-block-columns is-layout-flex wp-container-core-columns-is-layout-9d6595d7 wp-block-columns-is-layout-flex\">\n<div class=\"wp-block-column is-layout-flow wp-block-column-is-layout-flow\">\n<div class=\"wp-block-buttons is-layout-flex wp-block-buttons-is-layout-flex\">\n<div class=\"wp-block-button has-custom-width wp-block-button__width-100 has-custom-font-size is-style-fill\" style=\"font-size:14px\"><a class=\"wp-block-button__link has-text-color has-background wp-element-button\" href=\"http:\/\/hoogstad.nl\/pl\/organisatie\/\" style=\"border-radius:0px;color:#636363;background-color:#e3e3e39e\">Wi\u0119cej o naszej organizacji<\/a><\/div>\n<\/div>\n<\/div>\n\n\n\n<div class=\"wp-block-column is-layout-flow wp-block-column-is-layout-flow\">\n<div class=\"wp-block-buttons is-layout-flex wp-block-buttons-is-layout-flex\">\n<div class=\"wp-block-button has-custom-width wp-block-button__width-100 has-custom-font-size\" style=\"font-size:14px\"><a class=\"wp-block-button__link has-text-color has-background wp-element-button\" href=\"http:\/\/hoogstad.nl\/pl\/diensten\/\" style=\"border-radius:0px;color:#636363;background-color:#e3e3e39e\">Wi\u0119cej o naszych us\u0142ugach<\/a><\/div>\n<\/div>\n<\/div>\n\n\n\n<div class=\"wp-block-column is-layout-flow wp-block-column-is-layout-flow\">\n<div class=\"wp-block-buttons is-layout-flex wp-block-buttons-is-layout-flex\">\n<div class=\"wp-block-button has-custom-width wp-block-button__width-100 has-custom-font-size\" style=\"font-size:14px\"><a class=\"wp-block-button__link has-text-color has-background wp-element-button\" href=\"http:\/\/hoogstad.nl\/pl\/contact\/\" style=\"border-radius:0px;color:#636363;background-color:#e3e3e39e\">Wi\u0119cej informacji<\/a><\/div>\n<\/div>\n<\/div>\n<\/div>\n\n\n\n<div class=\"wp-block-columns is-layout-flex wp-container-core-columns-is-layout-9d6595d7 wp-block-columns-is-layout-flex\">\n<div class=\"wp-block-column homeblock has-background is-layout-flow wp-block-column-is-layout-flow\" style=\"background-color:#e3e3e39e\">\n<h2 class=\"wp-block-heading\">Witaj na stronie firmy Hoogstad Special Electronics B.V.<\/h2>\n\n\n\n<p>Jako podwykonawca z bran\u017cy EMS specjalizujemy si\u0119 od ponad 30 lat w produkcji i monta\u017cu obwod\u00f3w drukowanych, p\u00f3\u0142produkt\u00f3w, a tak\u017ce kompletnych produkt\u00f3w. Wyr\u00f3\u017cniamy si\u0119 tym, \u017ce jeste\u015bmy elastyczn\u0105 organizacj\u0105 zapewniaj\u0105c\u0105 wysok\u0105 jako\u015b\u0107 w odpowiedniej cenie i czasie dostawy.<\/p>\n\n\n\n<p>Hoogstad Special Electronics dysponuje nowoczesnym parkiem przemys\u0142owym przystosowanym do napotykanych r\u00f3\u017cnych problem\u00f3w produkcyjnych. Niezale\u017cnie od tego, czy jest to r\u0119czny druk konwencjonalny, czy te\u017c druk wielowarstwowy z monta\u017cem powierzchniowym- SMD od 1 do 10 000 sztuk, my mamy to wszystko na miejscu.<\/p>\n<\/div>\n<\/div>","protected":false},"excerpt":{"rendered":"<p>Organisatie Hoogstad Special Electronics BV is als EMS bedrijf gespecialiseerd in het produceren en assembleren van printplaten, halffabricaten en complete elektronische producten. Diensten Hoogstad Special Electronics B.V. heeft alle faciliteiten in huis voor het produceren en testen van elektronische en elektrotechnische producten en halffabricaten. Samenwerken? Voor meer informatie of het aanvragen van een offerte kunt u via dit formulier contact met ons opnemen Welkom bij Hoogstad Special Electronics B.V. Als&hellip; <\/p>","protected":false},"author":1,"featured_media":0,"parent":0,"menu_order":0,"comment_status":"closed","ping_status":"closed","template":"","meta":{"footnotes":""},"class_list":["post-45","page","type-page","status-publish","hentry"],"_links":{"self":[{"href":"https:\/\/hoogstad.nl\/pl\/wp-json\/wp\/v2\/pages\/45","targetHints":{"allow":["GET"]}}],"collection":[{"href":"https:\/\/hoogstad.nl\/pl\/wp-json\/wp\/v2\/pages"}],"about":[{"href":"https:\/\/hoogstad.nl\/pl\/wp-json\/wp\/v2\/types\/page"}],"author":[{"embeddable":true,"href":"https:\/\/hoogstad.nl\/pl\/wp-json\/wp\/v2\/users\/1"}],"replies":[{"embeddable":true,"href":"https:\/\/hoogstad.nl\/pl\/wp-json\/wp\/v2\/comments?post=45"}],"version-history":[{"count":33,"href":"https:\/\/hoogstad.nl\/pl\/wp-json\/wp\/v2\/pages\/45\/revisions"}],"predecessor-version":[{"id":585,"href":"https:\/\/hoogstad.nl\/pl\/wp-json\/wp\/v2\/pages\/45\/revisions\/585"}],"wp:attachment":[{"href":"https:\/\/hoogstad.nl\/pl\/wp-json\/wp\/v2\/media?parent=45"}],"curies":[{"name":"wp","href":"https:\/\/api.w.org\/{rel}","templated":true}]}}