{"id":9,"date":"2023-06-01T08:28:02","date_gmt":"2023-06-01T08:28:02","guid":{"rendered":"http:\/\/hoogstad.nl\/?page_id=9"},"modified":"2023-06-05T11:51:18","modified_gmt":"2023-06-05T11:51:18","slug":"organisatie","status":"publish","type":"page","link":"https:\/\/hoogstad.nl\/pl\/organisatie\/","title":{"rendered":"Organizacja"},"content":{"rendered":"<figure class=\"wp-block-image alignwide size-full\"><img loading=\"lazy\" decoding=\"async\" width=\"2560\" height=\"738\" src=\"http:\/\/hoogstad.nl\/wp-content\/uploads\/2023\/06\/Organisatie-2600x750-1-scaled.jpg\" alt=\"\" class=\"wp-image-11\" srcset=\"https:\/\/hoogstad.nl\/wp-content\/uploads\/2023\/06\/Organisatie-2600x750-1-scaled.jpg 2560w, https:\/\/hoogstad.nl\/wp-content\/uploads\/2023\/06\/Organisatie-2600x750-1-300x87.jpg 300w, https:\/\/hoogstad.nl\/wp-content\/uploads\/2023\/06\/Organisatie-2600x750-1-1024x295.jpg 1024w, https:\/\/hoogstad.nl\/wp-content\/uploads\/2023\/06\/Organisatie-2600x750-1-768x222.jpg 768w, https:\/\/hoogstad.nl\/wp-content\/uploads\/2023\/06\/Organisatie-2600x750-1-1536x443.jpg 1536w, https:\/\/hoogstad.nl\/wp-content\/uploads\/2023\/06\/Organisatie-2600x750-1-2048x591.jpg 2048w, https:\/\/hoogstad.nl\/wp-content\/uploads\/2023\/06\/Organisatie-2600x750-1-18x5.jpg 18w\" sizes=\"auto, (max-width: 2560px) 100vw, 2560px\" \/><\/figure>\n\n\n\n<div class=\"wp-block-columns is-layout-flex wp-container-core-columns-is-layout-9d6595d7 wp-block-columns-is-layout-flex\">\n<div class=\"wp-block-column organisatieblok is-layout-flow wp-block-column-is-layout-flow\" style=\"flex-basis:33.33%\">\n<p style=\"font-size:19px\">Dbanie o jako\u015b\u0107 od 1986<\/p>\n\n\n\n<p style=\"font-size:19px\"><em><mark style=\"background-color:rgba(0, 0, 0, 0)\" class=\"has-inline-color has-vivid-red-color\">Ca\u0142y proces, od opracowania do stworzenia produktu finalnego, jest przeprowadzany wewn\u0105trz naszej firmy.<\/mark><\/em><\/p>\n<\/div>\n\n\n\n<div class=\"wp-block-column organisatieblok is-layout-flow wp-block-column-is-layout-flow\" style=\"flex-basis:66.66%\">\n<p style=\"font-size:15px\"><strong>Hoogstad Special Electronics BV, jako firma z bran\u017cy EMS, specjalizuje si\u0119 w produkcji i monta\u017cu obwod\u00f3w drukowanych, p\u00f3\u0142produkt\u00f3w oraz kompletnych produkt\u00f3w elektronicznych.<\/strong><\/p>\n\n\n\n<p style=\"font-size:15px\"><strong>Przyk\u0142adowe rynki, na kt\u00f3rych jeste\u015bmy aktywni:<\/strong><\/p>\n\n\n\n<ul class=\"wp-block-list\">\n<li class=\"has-small-font-size\">Kontrola temperatury<\/li>\n\n\n\n<li class=\"has-small-font-size\">O\u015bwietlenie LED<\/li>\n\n\n\n<li class=\"has-small-font-size\">Technologia wideo z wykorzystaniem dysk\u00f3w przeno\u015bnych<\/li>\n\n\n\n<li class=\"has-small-font-size\">O\u015bwietlenie awaryjne<\/li>\n\n\n\n<li class=\"has-small-font-size\">Monta\u017c paneli solarnych<\/li>\n\n\n\n<li class=\"has-small-font-size\">Przemys\u0142 motoryzacyjny<\/li>\n<\/ul>\n<\/div>\n<\/div>","protected":false},"excerpt":{"rendered":"<p>Kwaliteit sinds 1986. Het complete traject, van ontwikkeling tot eindproduct, wordt in eigen beheer uitgevoerd. Hoogstad Special Electronics BV is als EMS bedrijf gespecialiseerd in het produceren en het assembleren van printplaten, halffabricaten en complete elektronische producten. Markten waar wij bijvoorbeeld actief zijn:<\/p>","protected":false},"author":1,"featured_media":0,"parent":0,"menu_order":0,"comment_status":"closed","ping_status":"closed","template":"","meta":{"footnotes":""},"class_list":["post-9","page","type-page","status-publish","hentry"],"_links":{"self":[{"href":"https:\/\/hoogstad.nl\/pl\/wp-json\/wp\/v2\/pages\/9","targetHints":{"allow":["GET"]}}],"collection":[{"href":"https:\/\/hoogstad.nl\/pl\/wp-json\/wp\/v2\/pages"}],"about":[{"href":"https:\/\/hoogstad.nl\/pl\/wp-json\/wp\/v2\/types\/page"}],"author":[{"embeddable":true,"href":"https:\/\/hoogstad.nl\/pl\/wp-json\/wp\/v2\/users\/1"}],"replies":[{"embeddable":true,"href":"https:\/\/hoogstad.nl\/pl\/wp-json\/wp\/v2\/comments?post=9"}],"version-history":[{"count":6,"href":"https:\/\/hoogstad.nl\/pl\/wp-json\/wp\/v2\/pages\/9\/revisions"}],"predecessor-version":[{"id":287,"href":"https:\/\/hoogstad.nl\/pl\/wp-json\/wp\/v2\/pages\/9\/revisions\/287"}],"wp:attachment":[{"href":"https:\/\/hoogstad.nl\/pl\/wp-json\/wp\/v2\/media?parent=9"}],"curies":[{"name":"wp","href":"https:\/\/api.w.org\/{rel}","templated":true}]}}